{"id":133,"date":"2025-09-16T14:01:50","date_gmt":"2025-09-16T14:01:50","guid":{"rendered":"http:\/\/asas-basket.com\/?page_id=133"},"modified":"2025-09-16T20:14:29","modified_gmt":"2025-09-16T20:14:29","slug":"historique","status":"publish","type":"page","link":"http:\/\/asas-basket.com\/index.php\/historique\/","title":{"rendered":"Historique"},"content":{"rendered":"\t\t<div data-elementor-type=\"wp-page\" data-elementor-id=\"133\" class=\"elementor elementor-133\">\n\t\t\t\t<div class=\"elementor-element elementor-element-3fd2a03 e-flex e-con-boxed e-con e-parent\" data-id=\"3fd2a03\" data-element_type=\"container\">\n\t\t\t\t\t<div class=\"e-con-inner\">\n\t\t\t\t<div class=\"elementor-element elementor-element-fdbaf33 elementor-widget elementor-widget-heading\" data-id=\"fdbaf33\" data-element_type=\"widget\" data-widget_type=\"heading.default\">\n\t\t\t\t\t<h2 class=\"elementor-heading-title elementor-size-default\">historique<\/h2>\t\t\t\t<\/div>\n\t\t\t\t\t<\/div>\n\t\t\t\t<\/div>\n\t\t<div class=\"elementor-element elementor-element-7b6547f e-flex e-con-boxed e-con e-parent\" data-id=\"7b6547f\" data-element_type=\"container\">\n\t\t\t\t\t<div class=\"e-con-inner\">\n\t\t<div class=\"elementor-element elementor-element-2f85491 e-con-full e-flex e-con e-child\" data-id=\"2f85491\" data-element_type=\"container\">\n\t\t\t\t<div class=\"elementor-element elementor-element-02d6795 elementor-widget elementor-widget-text-editor\" data-id=\"02d6795\" data-element_type=\"widget\" data-widget_type=\"text-editor.default\">\n\t\t\t\t\t\t\t\t\t<p>L\u2019Association Sportive et Athl\u00e9tique de Sceaux (A.S.A.S.) a \u00e9t\u00e9 cr\u00e9\u00e9e par cinq jeunes sc\u00e9ens en 1942, pendant l\u2019occupation allemande. Le choix des couleurs du club a tr\u00e8s certainement \u00e9t\u00e9 inspir\u00e9 par cette p\u00e9riode : le vert de l\u2019esp\u00e9rance et le blanc de la paix.<\/p><p><strong>Le plus haut niveau tr\u00e8s rapidement.<\/strong><\/p><p>D\u00e8s la Lib\u00e9ration, une \u00e9quipe de cadets et une \u00e9quipe de juniors masculins participent au championnat. Ainsi, le 28 octobre 1945, le premier match de \u00ab championnat de France Juniors \u00bb oppose \u00e0 Gennevilliers, l\u2019A.S.A.S. \u00e0 l\u2019U.S. Gaz de Banlieue. Premi\u00e8re victoire sc\u00e9enne : 25 \u2013 8. Puis, une finale de Championnat de France Juniors, perdue face \u00e0 Grenoble OU, rassemble pr\u00e8s de 6 000 spectateurs au Vel\u2019d\u2019Hiv.<\/p>\t\t\t\t\t\t\t\t<\/div>\n\t\t\t\t<\/div>\n\t\t<div class=\"elementor-element elementor-element-d893705 e-con-full e-flex e-con e-child\" data-id=\"d893705\" data-element_type=\"container\">\n\t\t\t\t<div class=\"elementor-element elementor-element-b601114 elementor-widget elementor-widget-image\" data-id=\"b601114\" data-element_type=\"widget\" data-widget_type=\"image.default\">\n\t\t\t\t\t\t\t\t\t\t\t\t<figure class=\"wp-caption\">\n\t\t\t\t\t\t\t\t\t\t<img fetchpriority=\"high\" decoding=\"async\" width=\"936\" height=\"605\" src=\"http:\/\/asas-basket.com\/wp-content\/uploads\/2025\/09\/P1.jpg\" class=\"attachment-full size-full wp-image-183\" alt=\"\" srcset=\"http:\/\/asas-basket.com\/wp-content\/uploads\/2025\/09\/P1.jpg 936w, http:\/\/asas-basket.com\/wp-content\/uploads\/2025\/09\/P1-300x194.jpg 300w, http:\/\/asas-basket.com\/wp-content\/uploads\/2025\/09\/P1-768x496.jpg 768w\" sizes=\"(max-width: 936px) 100vw, 936px\" \/>\t\t\t\t\t\t\t\t\t\t\t<figcaption class=\"widget-image-caption wp-caption-text\">La premi\u00e8re licence de l'ASAS - 1949<\/figcaption>\n\t\t\t\t\t\t\t\t\t\t<\/figure>\n\t\t\t\t\t\t\t\t\t<\/div>\n\t\t\t\t<\/div>\n\t\t\t\t\t<\/div>\n\t\t\t\t<\/div>\n\t\t<div class=\"elementor-element elementor-element-6acb6f0 e-flex e-con-boxed e-con e-parent\" data-id=\"6acb6f0\" data-element_type=\"container\">\n\t\t\t\t\t<div class=\"e-con-inner\">\n\t\t\t\t<div class=\"elementor-element elementor-element-39fec43 elementor-widget elementor-widget-spacer\" data-id=\"39fec43\" data-element_type=\"widget\" data-widget_type=\"spacer.default\">\n\t\t\t\t\t\t\t<div class=\"elementor-spacer\">\n\t\t\t<div class=\"elementor-spacer-inner\"><\/div>\n\t\t<\/div>\n\t\t\t\t\t\t<\/div>\n\t\t\t\t<div class=\"elementor-element elementor-element-85ef6b4 elementor-widget elementor-widget-heading\" data-id=\"85ef6b4\" data-element_type=\"widget\" data-widget_type=\"heading.default\">\n\t\t\t\t\t<h2 class=\"elementor-heading-title elementor-size-default\">Palmar\u00e8s<\/h2>\t\t\t\t<\/div>\n\t\t\t\t<div class=\"elementor-element elementor-element-57ed343 elementor-widget elementor-widget-text-editor\" data-id=\"57ed343\" data-element_type=\"widget\" data-widget_type=\"text-editor.default\">\n\t\t\t\t\t\t\t\t\t<p><strong>Du club des cinq en\u00a01942\u00a0\u00e0 aujourd\u2019hui, le club aura vu passer bon nombre de talents et quelques l\u00e9gendes qui, encore aujourd\u2019hui, font la fiert\u00e9 de l\u2019Association Sportive et Athl\u00e9tique de Sceaux<\/strong><\/p>\t\t\t\t\t\t\t\t<\/div>\n\t\t\t\t<div class=\"elementor-element elementor-element-75e8bec elementor-widget elementor-widget-image\" data-id=\"75e8bec\" data-element_type=\"widget\" data-widget_type=\"image.default\">\n\t\t\t\t\t\t\t\t\t\t\t\t<figure class=\"wp-caption\">\n\t\t\t\t\t\t\t\t\t\t<img decoding=\"async\" width=\"1680\" height=\"944\" src=\"http:\/\/asas-basket.com\/wp-content\/uploads\/2025\/09\/LFB1.jpg\" class=\"attachment-full size-full wp-image-184\" alt=\"\" srcset=\"http:\/\/asas-basket.com\/wp-content\/uploads\/2025\/09\/LFB1.jpg 1680w, http:\/\/asas-basket.com\/wp-content\/uploads\/2025\/09\/LFB1-300x169.jpg 300w, http:\/\/asas-basket.com\/wp-content\/uploads\/2025\/09\/LFB1-1024x575.jpg 1024w, http:\/\/asas-basket.com\/wp-content\/uploads\/2025\/09\/LFB1-768x432.jpg 768w, http:\/\/asas-basket.com\/wp-content\/uploads\/2025\/09\/LFB1-1536x863.jpg 1536w\" sizes=\"(max-width: 1680px) 100vw, 1680px\" \/>\t\t\t\t\t\t\t\t\t\t\t<figcaption class=\"widget-image-caption wp-caption-text\">Mont\u00e9e en LFB - 2001<\/figcaption>\n\t\t\t\t\t\t\t\t\t\t<\/figure>\n\t\t\t\t\t\t\t\t\t<\/div>\n\t\t\t\t\t<\/div>\n\t\t\t\t<\/div>\n\t\t<div class=\"elementor-element elementor-element-8132fcc e-flex e-con-boxed e-con e-parent\" data-id=\"8132fcc\" data-element_type=\"container\">\n\t\t\t\t\t<div class=\"e-con-inner\">\n\t\t\t\t<div class=\"elementor-element elementor-element-f982133 elementor-widget elementor-widget-text-editor\" data-id=\"f982133\" data-element_type=\"widget\" data-widget_type=\"text-editor.default\">\n\t\t\t\t\t\t\t\t\t<ul><li><strong>Herv\u00e9 Dubuisson<\/strong>\u00a0(joueur, saison 1993-1994, recordman de s\u00e9lections en \u00e9quipe de France)<\/li><li class=\"MsoNormal\"><strong>Brad\u00a0<\/strong><b>Sellers\u00a0<\/b>(joueur, saison 1993-1994, ex. joueur NBA avec Chicago, Seattle, Detroit, Minnesota)<\/li><li class=\"MsoNormal\"><strong>Winston<\/strong>\u00a0<b>Crite<\/b>\u00a0(joueur, saison 1992-1993, ex. joueur NBA avec Phoenix)<\/li><li class=\"MsoNormal\"><strong>Graylin\u00a0<\/strong><b>Warner<\/b>\u00a0(joueur, saison 1993-1994)<\/li><li class=\"MsoNormal\"><strong>Moustapha\u00a0<\/strong><b>Sonko<\/b>\u00a0(joueur, saisons 1990-1993)<\/li><li class=\"MsoNormal\"><strong>Sami\u00a0<\/strong><b>Driis<\/b>\u00a0(joueur, saison 2000-2001)<\/li><li class=\"MsoNormal\"><strong>Adrien\u00a0<\/strong><b>Moerman<\/b>\u00a0(joueur, saison 2000-2001)<\/li><li class=\"MsoNormal\"><strong>Elodie\u00a0<\/strong><b>Thisse<\/b>\u00a0(joueuse, saison 2001-2002)<\/li><li class=\"MsoNormal\"><strong>Emilie\u00a0<\/strong><b>Petiteau<\/b>\u00a0(joueuse, saison 2001-2002)<\/li><li class=\"MsoNormal\"><strong>Alain\u00a0<\/strong><b>Weiz<\/b>\u00a0(coach, 1990-1994)<\/li><li class=\"MsoNormal\"><strong>Laurent\u00a0<\/strong><b>Buffard<\/b>\u00a0(coach NF1, 2000-2001)<\/li><li class=\"MsoNormal\"><strong>Franck\u00a0<\/strong><b>Le Goff<\/b>\u00a0(coach NF1, 2003-2005)<\/li><li class=\"MsoNormal\"><strong>Chris\u00a0<\/strong><b>Singleton<\/b> (coach 2012 &#8211; D\u00e9c. 2021)<\/li><\/ul><p><strong>Un point commun \u00e0 toutes ces l\u00e9gendes,\u00a0la passion de la balle orange. Voici les principaux titres :<\/strong><\/p><ul><li><strong>1980<\/strong>\u00a0: Finale de Coupe de France Juniors gagn\u00e9e face \u00e0\u00a0Montferrand<\/li><li><strong>1988<\/strong>\u00a0: Accession \u00e0 la PRO B<\/li><li><strong>1991<\/strong>\u00a0: Champion de France Espoirs 1B<\/li><li><strong>1993<\/strong>\u00a0: Champion de France N2 et accession \u00e0 la PRO A<\/li><li><strong>2000<\/strong>\u00a0: Vice championne de France de NF2 et accession \u00e0 la NF1<\/li><li><strong>2001<\/strong>\u00a0: Championne de France de NF1 et accession en ligue (LFB)<\/li><\/ul>\t\t\t\t\t\t\t\t<\/div>\n\t\t\t\t\t<\/div>\n\t\t\t\t<\/div>\n\t\t\t\t<\/div>\n\t\t","protected":false},"excerpt":{"rendered":"<p>historique L\u2019Association Sportive et Athl\u00e9tique de Sceaux (A.S.A.S.) a \u00e9t\u00e9 cr\u00e9\u00e9e par cinq jeunes sc\u00e9ens en 1942, pendant l\u2019occupation allemande. Le choix des couleurs du club a tr\u00e8s certainement \u00e9t\u00e9 &#8230;<\/p>\n","protected":false},"author":1,"featured_media":0,"parent":0,"menu_order":1,"comment_status":"closed","ping_status":"closed","template":"elementor_theme","meta":{"footnotes":""},"class_list":["post-133","page","type-page","status-publish","hentry"],"_links":{"self":[{"href":"http:\/\/asas-basket.com\/index.php\/wp-json\/wp\/v2\/pages\/133","targetHints":{"allow":["GET"]}}],"collection":[{"href":"http:\/\/asas-basket.com\/index.php\/wp-json\/wp\/v2\/pages"}],"about":[{"href":"http:\/\/asas-basket.com\/index.php\/wp-json\/wp\/v2\/types\/page"}],"author":[{"embeddable":true,"href":"http:\/\/asas-basket.com\/index.php\/wp-json\/wp\/v2\/users\/1"}],"replies":[{"embeddable":true,"href":"http:\/\/asas-basket.com\/index.php\/wp-json\/wp\/v2\/comments?post=133"}],"version-history":[{"count":37,"href":"http:\/\/asas-basket.com\/index.php\/wp-json\/wp\/v2\/pages\/133\/revisions"}],"predecessor-version":[{"id":226,"href":"http:\/\/asas-basket.com\/index.php\/wp-json\/wp\/v2\/pages\/133\/revisions\/226"}],"wp:attachment":[{"href":"http:\/\/asas-basket.com\/index.php\/wp-json\/wp\/v2\/media?parent=133"}],"curies":[{"name":"wp","href":"https:\/\/api.w.org\/{rel}","templated":true}]}}